{"id":3875,"date":"2018-07-28T17:49:07","date_gmt":"2018-07-28T15:49:07","guid":{"rendered":"https:\/\/en.germansuzuki.com\/?page_id=3875"},"modified":"2019-03-23T14:01:35","modified_gmt":"2019-03-23T12:01:35","slug":"trade-mark-suzuki-english-version","status":"publish","type":"page","link":"https:\/\/en.germansuzuki.com\/?page_id=3875","title":{"rendered":"Marca Registrada SUZUKI &#8211; Version en espa\u00f1ol"},"content":{"rendered":"[vc_row type=&#8221;in_container&#8221; full_screen_row_position=&#8221;middle&#8221; scene_position=&#8221;center&#8221; text_color=&#8221;dark&#8221; text_align=&#8221;left&#8221; id=&#8221;quote&#8221; overlay_strength=&#8221;0.3&#8243; shape_divider_position=&#8221;bottom&#8221; shape_type=&#8221;&#8221;][vc_column column_padding=&#8221;no-extra-padding&#8221; column_padding_position=&#8221;all&#8221; background_color=&#8221;#eaeaea&#8221; background_color_opacity=&#8221;1&#8243; background_hover_color_opacity=&#8221;1&#8243; column_shadow=&#8221;none&#8221; column_border_radius=&#8221;none&#8221; width=&#8221;1\/1&#8243; tablet_text_alignment=&#8221;default&#8221; phone_text_alignment=&#8221;default&#8221; column_border_width=&#8221;none&#8221; column_border_style=&#8221;solid&#8221;]<div class=\"divider-wrap\"><div style=\"margin-top: 12px; height: 4px; margin-bottom: 12px;\" data-width=\"100%\" data-animate=\"yes\" data-animation-delay=\"\" data-color=\"accent-color\" class=\"divider-border\"><\/div><\/div>[vc_column_text]\n<h2 style=\"text-align: center;\"><span style=\"color: #000080;\">Informaci\u00f3n referente a la marca registrada SUZUKI<\/span><\/h2>\n<p><img loading=\"lazy\" class=\"aligncenter wp-image-3867\" src=\"https:\/\/en.germansuzuki.com\/wp-content\/uploads\/2018\/07\/WhatistheOfficeforHarmonizationintheInternalMarket-300x225.jpg\" alt=\"\" width=\"521\" height=\"391\" srcset=\"https:\/\/en.germansuzuki.com\/wp-content\/uploads\/2018\/07\/WhatistheOfficeforHarmonizationintheInternalMarket-300x225.jpg 300w, https:\/\/en.germansuzuki.com\/wp-content\/uploads\/2018\/07\/WhatistheOfficeforHarmonizationintheInternalMarket-768x576.jpg 768w, https:\/\/en.germansuzuki.com\/wp-content\/uploads\/2018\/07\/WhatistheOfficeforHarmonizationintheInternalMarket.jpg 1024w\" sizes=\"(max-width: 521px) 100vw, 521px\" \/>[\/vc_column_text][vc_column_text]\n<h3 style=\"text-align: center;\"><span style=\"color: #000080;\">Situaci\u00f3n en Alemania<\/span><\/h3>\n<h5 style=\"text-align: center;\">El Tribunal Federal de Patentes de Alemania decidi\u00f3 el 2 de julio de 2013 (referencia n\u00famero 24 W (pat) 520\/11) que la palabra \u201cSUZUKI\u201d es una indicaci\u00f3n descriptiva de actividades de educaci\u00f3n musical y por tanto no puede estar protegida por una marca registrada en Alemania.<\/h5>\n<h5 style=\"text-align: center;\">Esto significa que el nombre \u201cSUZUKI\u201d puede ser usado libremente per cualquiera en relaci\u00f3n con la pedagog\u00eda y formaci\u00f3n musicales.<\/h5>\n[\/vc_column_text]<div class=\"divider-wrap\"><div style=\"margin-top: 12px; height: 4px; margin-bottom: 12px;\" data-width=\"100%\" data-animate=\"yes\" data-animation-delay=\"\" data-color=\"accent-color\" class=\"divider-border\"><\/div><\/div>[vc_column_text]\n<h3 style=\"text-align: center;\"><span style=\"color: #000080;\">Situaci\u00f3n en Europa<\/span><\/h3>\n<h5 style=\"text-align: center;\">Adem\u00e1s,<span style=\"color: #993300;\"> la Oficina Europea para la Armonizaci\u00f3n<\/span> decidi\u00f3 el 12 de noviembre de 2014 (n\u00famero de referencia (000007149C) eliminar la marca registrada ISA [ASOCIACI\u00d3N INTERNACIONAL SUZUKI] \u201cSUZUKI\u201d para los siguientes bienes y servicios de educaci\u00f3n musical porque la Asociaci\u00f3n Internacional SUzuki (ISA) no ha utilizado la marca registrada \u201cSUZUKI\u201d para estas actividades.<\/h5>\n<h5 style=\"text-align: center;\">A su solicitud, podemos remitirles copias de ambas decisiones.<\/h5>\n[\/vc_column_text]<div class=\"divider-wrap\"><div style=\"margin-top: 12px; height: 4px; margin-bottom: 12px;\" data-width=\"100%\" data-animate=\"yes\" data-animation-delay=\"\" data-color=\"accent-color\" class=\"divider-border\"><\/div><\/div>[vc_column_text]\n<h2 style=\"text-align: center;\"><img loading=\"lazy\" class=\"aligncenter size-large wp-image-3864\" src=\"https:\/\/en.germansuzuki.com\/wp-content\/uploads\/2018\/07\/Excerpt_revocation_CTM_Suzuki-724x1024.jpg\" alt=\"\" width=\"724\" height=\"1024\" srcset=\"https:\/\/en.germansuzuki.com\/wp-content\/uploads\/2018\/07\/Excerpt_revocation_CTM_Suzuki-724x1024.jpg 724w, https:\/\/en.germansuzuki.com\/wp-content\/uploads\/2018\/07\/Excerpt_revocation_CTM_Suzuki-212x300.jpg 212w, https:\/\/en.germansuzuki.com\/wp-content\/uploads\/2018\/07\/Excerpt_revocation_CTM_Suzuki-768x1086.jpg 768w, https:\/\/en.germansuzuki.com\/wp-content\/uploads\/2018\/07\/Excerpt_revocation_CTM_Suzuki.jpg 1489w\" sizes=\"(max-width: 724px) 100vw, 724px\" \/><\/h2>\n[\/vc_column_text]<div class=\"divider-wrap\"><div style=\"margin-top: 12px; height: 4px; margin-bottom: 12px;\" data-width=\"100%\" data-animate=\"yes\" data-animation-delay=\"\" data-color=\"accent-color\" class=\"divider-border\"><\/div><\/div>[vc_column_text]\n<h3 style=\"text-align: center;\"><span style=\"color: #000080;\">En un lenguaje sencillo, esto significa que ni la Asociaci\u00f3n Europea Suzuki (ESA) ni la Asociaci\u00f3n Internacional Suzuki (ISA) tienen derecho a prohibir el libre uso de la palabra \u201cSUZUKI\u201d en relaci\u00f3n con servicios de educaci\u00f3n musical<\/span><br \/>\n<span style=\"color: #993300;\">en Alemania y en el resto de Europa<\/span>.<\/h3>\n<p><span id=\"result_box\" class=\"\" lang=\"en\" tabindex=\"-1\"><span class=\"\">\u00a0<\/span><\/span>[\/vc_column_text]<div class=\"divider-wrap\"><div style=\"margin-top: 12px; height: 4px; margin-bottom: 12px;\" data-width=\"100%\" data-animate=\"yes\" data-animation-delay=\"\" data-color=\"accent-color\" class=\"divider-border\"><\/div><\/div>[\/vc_column][\/vc_row][vc_row type=&#8221;in_container&#8221; full_screen_row_position=&#8221;middle&#8221; scene_position=&#8221;center&#8221; text_color=&#8221;dark&#8221; text_align=&#8221;left&#8221; overlay_strength=&#8221;0.3&#8243; shape_divider_position=&#8221;bottom&#8221;][vc_column column_padding=&#8221;no-extra-padding&#8221; column_padding_position=&#8221;all&#8221; background_color_opacity=&#8221;1&#8243; background_hover_color_opacity=&#8221;1&#8243; column_shadow=&#8221;none&#8221; column_border_radius=&#8221;none&#8221; width=&#8221;1\/6&#8243; tablet_text_alignment=&#8221;default&#8221; phone_text_alignment=&#8221;default&#8221; column_border_width=&#8221;none&#8221; column_border_style=&#8221;solid&#8221;]<div class=\"divider-wrap\"><div style=\"height: 25px;\" class=\"divider\"><\/div><\/div>[\/vc_column][vc_column column_padding=&#8221;no-extra-padding&#8221; column_padding_position=&#8221;all&#8221; background_color_opacity=&#8221;1&#8243; background_hover_color_opacity=&#8221;1&#8243; column_shadow=&#8221;none&#8221; column_border_radius=&#8221;none&#8221; width=&#8221;1\/6&#8243; tablet_text_alignment=&#8221;default&#8221; phone_text_alignment=&#8221;default&#8221; column_border_width=&#8221;none&#8221; column_border_style=&#8221;solid&#8221;][vc_column_text]<a href=\"https:\/\/en.germansuzuki.com\/?page_id=3885\"><img loading=\"lazy\" class=\" wp-image-3628 alignright\" src=\"https:\/\/en.germansuzuki.com\/wp-content\/uploads\/2018\/03\/america-flag.png\" alt=\"\" width=\"449\" height=\"279\" srcset=\"https:\/\/en.germansuzuki.com\/wp-content\/uploads\/2018\/03\/america-flag.png 640w, https:\/\/en.germansuzuki.com\/wp-content\/uploads\/2018\/03\/america-flag-300x186.png 300w\" sizes=\"(max-width: 449px) 100vw, 449px\" \/><\/a>[\/vc_column_text][\/vc_column][vc_column column_padding=&#8221;no-extra-padding&#8221; column_padding_position=&#8221;all&#8221; background_color_opacity=&#8221;1&#8243; background_hover_color_opacity=&#8221;1&#8243; column_shadow=&#8221;none&#8221; column_border_radius=&#8221;none&#8221; width=&#8221;2\/3&#8243; tablet_text_alignment=&#8221;default&#8221; phone_text_alignment=&#8221;default&#8221; column_border_width=&#8221;none&#8221; column_border_style=&#8221;solid&#8221;]<div class=\"divider-wrap\"><div style=\"height: 25px;\" class=\"divider\"><\/div><\/div><div class=\"divider-wrap\"><div style=\"height: 25px;\" class=\"divider\"><\/div><\/div>[vc_column_text]\n<h3 style=\"text-align: left;\"><a href=\"https:\/\/en.germansuzuki.com\/?page_id=3885\"><span style=\"color: #000080;\">English Version HERE<\/span><\/a><\/h3>\n<h3 style=\"text-align: left;\"><a href=\"https:\/\/en.germansuzuki.com\/?page_id=3885\"><span style=\"color: #000080;\">Note regarding the <em>SUZUKI <\/em>trademark<\/span><\/a><\/h3>\n[\/vc_column_text][\/vc_column][\/vc_row][vc_row type=&#8221;in_container&#8221; full_screen_row_position=&#8221;middle&#8221; scene_position=&#8221;center&#8221; text_color=&#8221;dark&#8221; text_align=&#8221;left&#8221; overlay_strength=&#8221;0.3&#8243; shape_divider_position=&#8221;bottom&#8221;][vc_column column_padding=&#8221;no-extra-padding&#8221; column_padding_position=&#8221;all&#8221; background_color_opacity=&#8221;1&#8243; background_hover_color_opacity=&#8221;1&#8243; column_shadow=&#8221;none&#8221; column_border_radius=&#8221;none&#8221; width=&#8221;1\/6&#8243; tablet_text_alignment=&#8221;default&#8221; phone_text_alignment=&#8221;default&#8221; column_border_width=&#8221;none&#8221; column_border_style=&#8221;solid&#8221;]<div class=\"divider-wrap\"><div style=\"height: 25px;\" class=\"divider\"><\/div><\/div>[\/vc_column][vc_column column_padding=&#8221;no-extra-padding&#8221; column_padding_position=&#8221;all&#8221; background_color_opacity=&#8221;1&#8243; background_hover_color_opacity=&#8221;1&#8243; column_shadow=&#8221;none&#8221; column_border_radius=&#8221;none&#8221; width=&#8221;1\/6&#8243; tablet_text_alignment=&#8221;default&#8221; phone_text_alignment=&#8221;default&#8221; column_border_width=&#8221;none&#8221; column_border_style=&#8221;solid&#8221;][vc_column_text]<a href=\"https:\/\/en.germansuzuki.com\/?page_id=3894\"><img loading=\"lazy\" class=\"size-full wp-image-3629 aligncenter\" src=\"https:\/\/en.germansuzuki.com\/wp-content\/uploads\/2018\/03\/germany.png\" alt=\"\" width=\"640\" height=\"451\" srcset=\"https:\/\/en.germansuzuki.com\/wp-content\/uploads\/2018\/03\/germany.png 640w, https:\/\/en.germansuzuki.com\/wp-content\/uploads\/2018\/03\/germany-300x211.png 300w\" sizes=\"(max-width: 640px) 100vw, 640px\" \/><\/a>[\/vc_column_text][\/vc_column][vc_column column_padding=&#8221;no-extra-padding&#8221; column_padding_position=&#8221;all&#8221; background_color_opacity=&#8221;1&#8243; background_hover_color_opacity=&#8221;1&#8243; column_shadow=&#8221;none&#8221; column_border_radius=&#8221;none&#8221; width=&#8221;2\/3&#8243; tablet_text_alignment=&#8221;default&#8221; phone_text_alignment=&#8221;default&#8221; column_border_width=&#8221;none&#8221; column_border_style=&#8221;solid&#8221;]<div class=\"divider-wrap\"><div style=\"height: 25px;\" class=\"divider\"><\/div><\/div><div class=\"divider-wrap\"><div style=\"height: 25px;\" class=\"divider\"><\/div><\/div>[vc_column_text]\n<h3><a href=\"https:\/\/en.germansuzuki.com\/?page_id=3894\"><span style=\"color: #000080;\"><span id=\"result_box\" class=\"short_text\" lang=\"es\" tabindex=\"-1\"><span class=\"\">Deutsche Version<\/span><\/span><\/span><\/a><\/h3>\n<h3><a href=\"https:\/\/en.germansuzuki.com\/?page_id=3894\"><span style=\"color: #000080;\">Information zur Handelsmarke <em>SUZUKI<\/em><\/span><\/a><\/h3>\n[\/vc_column_text][\/vc_column][\/vc_row][vc_row type=&#8221;in_container&#8221; full_screen_row_position=&#8221;middle&#8221; scene_position=&#8221;center&#8221; text_color=&#8221;dark&#8221; text_align=&#8221;left&#8221; overlay_strength=&#8221;0.3&#8243; shape_divider_position=&#8221;bottom&#8221;][vc_column column_padding=&#8221;no-extra-padding&#8221; column_padding_position=&#8221;all&#8221; background_color_opacity=&#8221;1&#8243; background_hover_color_opacity=&#8221;1&#8243; column_shadow=&#8221;none&#8221; column_border_radius=&#8221;none&#8221; width=&#8221;1\/6&#8243; tablet_text_alignment=&#8221;default&#8221; phone_text_alignment=&#8221;default&#8221; column_border_width=&#8221;none&#8221; column_border_style=&#8221;solid&#8221;]<div class=\"divider-wrap\"><div style=\"height: 25px;\" class=\"divider\"><\/div><\/div>[\/vc_column][vc_column column_padding=&#8221;no-extra-padding&#8221; column_padding_position=&#8221;all&#8221; background_color_opacity=&#8221;1&#8243; background_hover_color_opacity=&#8221;1&#8243; column_shadow=&#8221;none&#8221; column_border_radius=&#8221;none&#8221; width=&#8221;1\/6&#8243; tablet_text_alignment=&#8221;default&#8221; phone_text_alignment=&#8221;default&#8221; column_border_width=&#8221;none&#8221; column_border_style=&#8221;solid&#8221;][vc_column_text]<img loading=\"lazy\" class=\"aligncenter size-full wp-image-3939\" src=\"https:\/\/en.germansuzuki.com\/wp-content\/uploads\/2018\/08\/2000px-Flag_of_France.svg_.png\" alt=\"\" width=\"2000\" height=\"1333\" srcset=\"https:\/\/en.germansuzuki.com\/wp-content\/uploads\/2018\/08\/2000px-Flag_of_France.svg_.png 2000w, https:\/\/en.germansuzuki.com\/wp-content\/uploads\/2018\/08\/2000px-Flag_of_France.svg_-300x200.png 300w, https:\/\/en.germansuzuki.com\/wp-content\/uploads\/2018\/08\/2000px-Flag_of_France.svg_-768x512.png 768w, https:\/\/en.germansuzuki.com\/wp-content\/uploads\/2018\/08\/2000px-Flag_of_France.svg_-1024x682.png 1024w, https:\/\/en.germansuzuki.com\/wp-content\/uploads\/2018\/08\/2000px-Flag_of_France.svg_-900x600.png 900w\" sizes=\"(max-width: 2000px) 100vw, 2000px\" \/>[\/vc_column_text][\/vc_column][vc_column column_padding=&#8221;no-extra-padding&#8221; column_padding_position=&#8221;all&#8221; background_color_opacity=&#8221;1&#8243; background_hover_color_opacity=&#8221;1&#8243; column_shadow=&#8221;none&#8221; column_border_radius=&#8221;none&#8221; width=&#8221;2\/3&#8243; tablet_text_alignment=&#8221;default&#8221; phone_text_alignment=&#8221;default&#8221; column_border_width=&#8221;none&#8221; column_border_style=&#8221;solid&#8221;]<div class=\"divider-wrap\"><div style=\"height: 25px;\" class=\"divider\"><\/div><\/div><div class=\"divider-wrap\"><div style=\"height: 25px;\" class=\"divider\"><\/div><\/div>[vc_column_text]\n<h3><span id=\"result_box\" class=\"\" lang=\"fr\" style=\"color: #000080;\"><a style=\"color: #000080;\" href=\"https:\/\/en.germansuzuki.com\/?page_id=3941\">Version fran\u00e7aise<\/a><br \/>\n<\/span><\/h3>\n<h3><a href=\"https:\/\/en.germansuzuki.com\/?page_id=3941\"><span id=\"result_box\" class=\"\" lang=\"fr\" style=\"color: #000080;\"><span class=\"\"><span style=\"color: #000080;\">Informations sur la marque <\/span><em><span style=\"color: #000080;\">SUZUKI<\/span><\/em><\/span><\/span><\/a><\/h3>\n[\/vc_column_text][\/vc_column][\/vc_row][vc_row type=&#8221;in_container&#8221; full_screen_row_position=&#8221;middle&#8221; scene_position=&#8221;center&#8221; text_color=&#8221;dark&#8221; text_align=&#8221;left&#8221; overlay_strength=&#8221;0.3&#8243; shape_divider_position=&#8221;bottom&#8221;][vc_column column_padding=&#8221;no-extra-padding&#8221; column_padding_position=&#8221;all&#8221; background_color_opacity=&#8221;1&#8243; background_hover_color_opacity=&#8221;1&#8243; column_shadow=&#8221;none&#8221; column_border_radius=&#8221;none&#8221; width=&#8221;1\/6&#8243; tablet_text_alignment=&#8221;default&#8221; phone_text_alignment=&#8221;default&#8221; column_border_width=&#8221;none&#8221; column_border_style=&#8221;solid&#8221;]<div class=\"divider-wrap\"><div style=\"height: 25px;\" class=\"divider\"><\/div><\/div>[\/vc_column][vc_column column_padding=&#8221;no-extra-padding&#8221; column_padding_position=&#8221;all&#8221; background_color_opacity=&#8221;1&#8243; background_hover_color_opacity=&#8221;1&#8243; column_shadow=&#8221;none&#8221; column_border_radius=&#8221;none&#8221; width=&#8221;1\/6&#8243; tablet_text_alignment=&#8221;default&#8221; phone_text_alignment=&#8221;default&#8221; column_border_width=&#8221;none&#8221; column_border_style=&#8221;solid&#8221;][vc_column_text]<img loading=\"lazy\" class=\"aligncenter size-full wp-image-3970\" src=\"https:\/\/en.germansuzuki.com\/wp-content\/uploads\/2018\/08\/flagge-italien.gif\" alt=\"\" width=\"500\" height=\"292\" \/>[\/vc_column_text][\/vc_column][vc_column column_padding=&#8221;no-extra-padding&#8221; column_padding_position=&#8221;all&#8221; background_color_opacity=&#8221;1&#8243; background_hover_color_opacity=&#8221;1&#8243; column_shadow=&#8221;none&#8221; column_border_radius=&#8221;none&#8221; width=&#8221;2\/3&#8243; tablet_text_alignment=&#8221;default&#8221; phone_text_alignment=&#8221;default&#8221; column_border_width=&#8221;none&#8221; column_border_style=&#8221;solid&#8221;]<div class=\"divider-wrap\"><div style=\"height: 25px;\" class=\"divider\"><\/div><\/div><div class=\"divider-wrap\"><div style=\"height: 25px;\" class=\"divider\"><\/div><\/div>[vc_column_text]\n<h3><span style=\"color: #000080;\"><a style=\"color: #000080;\" href=\"https:\/\/en.germansuzuki.com\/?page_id=622\"><strong>Versione italiana<\/strong><\/a><\/span><\/h3>\n<h3><a href=\"https:\/\/en.germansuzuki.com\/?page_id=622\"><span style=\"color: #000080;\"><strong>Informazioni sul marchio <\/strong><\/span><strong><em><span style=\"color: #000080;\">SUZUKI<\/span><\/em><\/strong><\/a><\/h3>\n[\/vc_column_text][\/vc_column][\/vc_row][vc_row type=&#8221;in_container&#8221; full_screen_row_position=&#8221;middle&#8221; scene_position=&#8221;center&#8221; text_color=&#8221;dark&#8221; text_align=&#8221;left&#8221; overlay_strength=&#8221;0.3&#8243; shape_divider_position=&#8221;bottom&#8221;][vc_column column_padding=&#8221;no-extra-padding&#8221; column_padding_position=&#8221;all&#8221; background_color_opacity=&#8221;1&#8243; background_hover_color_opacity=&#8221;1&#8243; column_shadow=&#8221;none&#8221; column_border_radius=&#8221;none&#8221; width=&#8221;1\/1&#8243; tablet_text_alignment=&#8221;default&#8221; phone_text_alignment=&#8221;default&#8221; column_border_width=&#8221;none&#8221; column_border_style=&#8221;solid&#8221;][\/vc_column][\/vc_row]\n","protected":false},"excerpt":{"rendered":"<p>[vc_row type=&#8221;in_container&#8221; full_screen_row_position=&#8221;middle&#8221; scene_position=&#8221;center&#8221; text_color=&#8221;dark&#8221; text_align=&#8221;left&#8221; id=&#8221;quote&#8221; overlay_strength=&#8221;0.3&#8243; shape_divider_position=&#8221;bottom&#8221; shape_type=&#8221;&#8221;][vc_column column_padding=&#8221;no-extra-padding&#8221; column_padding_position=&#8221;all&#8221; background_color=&#8221;#eaeaea&#8221; background_color_opacity=&#8221;1&#8243; background_hover_color_opacity=&#8221;1&#8243; column_shadow=&#8221;none&#8221; column_border_radius=&#8221;none&#8221; width=&#8221;1\/1&#8243; tablet_text_alignment=&#8221;default&#8221; phone_text_alignment=&#8221;default&#8221; column_border_width=&#8221;none&#8221; column_border_style=&#8221;solid&#8221;][vc_column_text] Informaci\u00f3n referente a la marca registrada SUZUKI [\/vc_column_text][vc_column_text]&#8230;<\/p>\n","protected":false},"author":2,"featured_media":0,"parent":0,"menu_order":0,"comment_status":"closed","ping_status":"closed","template":"","meta":[],"_links":{"self":[{"href":"https:\/\/en.germansuzuki.com\/index.php?rest_route=\/wp\/v2\/pages\/3875"}],"collection":[{"href":"https:\/\/en.germansuzuki.com\/index.php?rest_route=\/wp\/v2\/pages"}],"about":[{"href":"https:\/\/en.germansuzuki.com\/index.php?rest_route=\/wp\/v2\/types\/page"}],"author":[{"embeddable":true,"href":"https:\/\/en.germansuzuki.com\/index.php?rest_route=\/wp\/v2\/users\/2"}],"replies":[{"embeddable":true,"href":"https:\/\/en.germansuzuki.com\/index.php?rest_route=%2Fwp%2Fv2%2Fcomments&post=3875"}],"version-history":[{"count":22,"href":"https:\/\/en.germansuzuki.com\/index.php?rest_route=\/wp\/v2\/pages\/3875\/revisions"}],"predecessor-version":[{"id":4657,"href":"https:\/\/en.germansuzuki.com\/index.php?rest_route=\/wp\/v2\/pages\/3875\/revisions\/4657"}],"wp:attachment":[{"href":"https:\/\/en.germansuzuki.com\/index.php?rest_route=%2Fwp%2Fv2%2Fmedia&parent=3875"}],"curies":[{"name":"wp","href":"https:\/\/api.w.org\/{rel}","templated":true}]}}