{"id":2426,"date":"2017-01-10T20:42:37","date_gmt":"2017-01-10T18:42:37","guid":{"rendered":"https:\/\/en.germansuzuki.com\/?page_id=2426"},"modified":"2023-08-30T18:59:50","modified_gmt":"2023-08-30T16:59:50","slug":"enjoying-violin-technique-2","status":"publish","type":"page","link":"https:\/\/en.germansuzuki.com\/?page_id=2426","title":{"rendered":"Enjoying Violin Technique"},"content":{"rendered":"[vc_row type=&#8221;in_container&#8221; full_screen_row_position=&#8221;middle&#8221; scene_position=&#8221;center&#8221; text_color=&#8221;dark&#8221; text_align=&#8221;left&#8221; overlay_strength=&#8221;0.3&#8243; shape_divider_position=&#8221;bottom&#8221;][vc_column column_padding=&#8221;no-extra-padding&#8221; column_padding_position=&#8221;all&#8221; background_color_opacity=&#8221;1&#8243; background_hover_color_opacity=&#8221;1&#8243; column_shadow=&#8221;none&#8221; column_border_radius=&#8221;none&#8221; width=&#8221;1\/1&#8243; tablet_text_alignment=&#8221;default&#8221; phone_text_alignment=&#8221;default&#8221; column_border_width=&#8221;none&#8221; column_border_style=&#8221;solid&#8221;][vc_column_text]\n<h2><span style=\"color: #000080;\">Enjoying Violin Technique<\/span><\/h2>\n<h3><span style=\"color: #000000;\">by Kerstin Wartberg<\/span><\/h3>\n<h3><span style=\"color: #000000;\"><strong>Intermediate Level:<\/strong><\/span><br \/>\n<span style=\"color: #000000;\"> <strong> Basic Exercises with Piano Arrangements by David Andruss<\/strong><\/span><br \/>\n<span style=\"color: #000000;\"> Volume 1<\/span><\/h3>\n<p><span style=\"color: #000000;\">Print book, 80 pages, with CD &amp; Digital Download<\/span><\/p>\n<p><span style=\"color: #000000;\">ISBN 978-3-946872 00 9<\/span><br \/>\n<span style=\"color: #000000;\"> In English and German<\/span><br \/>\n<span style=\"color: #000000;\"> ISTEX MUSIC PUBLICATIONS<\/span>[\/vc_column_text][\/vc_column][\/vc_row][vc_row type=&#8221;in_container&#8221; full_screen_row_position=&#8221;middle&#8221; scene_position=&#8221;center&#8221; text_color=&#8221;dark&#8221; text_align=&#8221;left&#8221; overlay_strength=&#8221;0.3&#8243; shape_divider_position=&#8221;bottom&#8221;][vc_column column_padding=&#8221;no-extra-padding&#8221; column_padding_position=&#8221;all&#8221; background_color_opacity=&#8221;1&#8243; background_hover_color_opacity=&#8221;1&#8243; column_shadow=&#8221;none&#8221; column_border_radius=&#8221;none&#8221; width=&#8221;1\/1&#8243; tablet_text_alignment=&#8221;default&#8221; phone_text_alignment=&#8221;default&#8221; column_border_width=&#8221;none&#8221; column_border_style=&#8221;solid&#8221;][vc_video link=&#8221;https:\/\/www.youtube.com\/watch?v=AL9XGGfcjH8&#8243; el_width=&#8221;60&#8243;][\/vc_column][\/vc_row][vc_row type=&#8221;in_container&#8221; full_screen_row_position=&#8221;middle&#8221; scene_position=&#8221;center&#8221; text_color=&#8221;dark&#8221; text_align=&#8221;left&#8221; overlay_strength=&#8221;0.3&#8243; shape_divider_position=&#8221;bottom&#8221;][vc_column column_padding=&#8221;no-extra-padding&#8221; column_padding_position=&#8221;all&#8221; background_color_opacity=&#8221;1&#8243; background_hover_color_opacity=&#8221;1&#8243; column_shadow=&#8221;none&#8221; column_border_radius=&#8221;none&#8221; width=&#8221;3\/4&#8243; tablet_text_alignment=&#8221;default&#8221; phone_text_alignment=&#8221;default&#8221; column_border_width=&#8221;none&#8221; column_border_style=&#8221;solid&#8221;][vc_column_text]\n<h4>The first volume of Kerstin Wartberg\u2019s violin technique series is directed towards intermediate violin students. Almost 100 exercises, 75 with piano accompaniment, are grouped into 10 detailed sections:<br \/>\n<span style=\"color: #ffffff;\">1<\/span><\/h4>\n<blockquote>\n<h4><strong>1. One and Two Octave Scales &amp; Arpeggios (1st &#8211; 6th positions)<\/strong><br \/>\n2. Shifting Exercises (based on the \u0160ev\u010d\u00edk System)<br \/>\n<strong> 3. Scales &amp; Arpeggios on one String (based on the Flesch System)<\/strong><br \/>\n4. Three Octave Scales &amp; Arpeggios<br \/>\n<strong> 5. Playing in High Positions<\/strong><br \/>\n6. Intonation Exercises<br \/>\n<strong> 7. Soundpoints<\/strong><br \/>\n8. Vibrato<br \/>\n<strong> 9. Basic Trill Exercises<\/strong><br \/>\n10. Double Stops<\/h4>\n<\/blockquote>\n[\/vc_column_text][\/vc_column][vc_column column_padding=&#8221;no-extra-padding&#8221; column_padding_position=&#8221;all&#8221; background_color_opacity=&#8221;1&#8243; background_hover_color_opacity=&#8221;1&#8243; column_shadow=&#8221;none&#8221; column_border_radius=&#8221;none&#8221; width=&#8221;1\/4&#8243; tablet_text_alignment=&#8221;default&#8221; phone_text_alignment=&#8221;default&#8221; column_border_width=&#8221;none&#8221; column_border_style=&#8221;solid&#8221;][vc_column_text]<img loading=\"lazy\" class=\"aligncenter size-full wp-image-2389\" src=\"https:\/\/en.germansuzuki.com\/wp-content\/uploads\/2016\/12\/Enjoying_ISTEX_Titel_kl.jpg\" alt=\"\" width=\"969\" height=\"1265\" srcset=\"https:\/\/en.germansuzuki.com\/wp-content\/uploads\/2016\/12\/Enjoying_ISTEX_Titel_kl.jpg 969w, https:\/\/en.germansuzuki.com\/wp-content\/uploads\/2016\/12\/Enjoying_ISTEX_Titel_kl-230x300.jpg 230w, https:\/\/en.germansuzuki.com\/wp-content\/uploads\/2016\/12\/Enjoying_ISTEX_Titel_kl-784x1024.jpg 784w\" sizes=\"(max-width: 969px) 100vw, 969px\" \/>[\/vc_column_text][\/vc_column][\/vc_row][vc_row type=&#8221;in_container&#8221; full_screen_row_position=&#8221;middle&#8221; scene_position=&#8221;center&#8221; text_color=&#8221;dark&#8221; text_align=&#8221;left&#8221; overlay_strength=&#8221;0.3&#8243; shape_divider_position=&#8221;bottom&#8221;][vc_column column_padding=&#8221;no-extra-padding&#8221; column_padding_position=&#8221;all&#8221; background_color_opacity=&#8221;1&#8243; background_hover_color_opacity=&#8221;1&#8243; column_shadow=&#8221;none&#8221; column_border_radius=&#8221;none&#8221; width=&#8221;1\/1&#8243; tablet_text_alignment=&#8221;default&#8221; phone_text_alignment=&#8221;default&#8221; column_border_width=&#8221;none&#8221; column_border_style=&#8221;solid&#8221;][vc_column_text]\n<blockquote>\n<h4><\/h4>\n<\/blockquote>\n<h4><span style=\"color: #000000;\">All sections are illustrated with numerous<strong> instructional photographs<\/strong> and enriched with<strong> practice suggestions from famous violin pedagogues<\/strong>.<\/span><\/h4>\n<h4><span style=\"color: #000000;\">Quotations from <em><strong>Dorothy DeLay, Simon Fischer, Carl Flesch, Ivan Galamian, Jascha Heifetz, Itzhak Perlman, Otakar \u0160ev\u010d\u00edk, and Shinichi Suzuki<\/strong> <\/em>will provide valuable insights and give students opportunities to learn from &#8220;the great masters.&#8221;<\/span><\/h4>\n<h4><span style=\"color: #000000;\">Another key to success are the <strong>lively piano accompaniments by <em>David Andruss<\/em><\/strong>. They are highly motivating and encourage students to practice in a more focused way. As a result, their quality of practice will increase remarkably and they will make significant improvements, especially in intonation, rhythm, quality of sound, and ease.<\/span><\/h4>\n<h4><span style=\"color: #000000;\">As valuable as this material will be in individual lessons, these musical exercises will also add a new dimension to group classes.<\/span><\/h4>\n<h4><span style=\"color: #000000;\">Kerstin Wartberg, violin pedagogue, Suzuki specialist, translator of Simon Fischer\u2019s standard literature into German, and author of several violin method books, has created a new pedagogical concept with this series, one that will be of great benefit to violin students and their teachers.<\/span><\/h4>\n<div class=\"n module-type-imageSubtitle diyfeLiveArea \"><\/div>\n<div><\/div>\n[\/vc_column_text][vc_column_text]\n<h4><span style=\"color: #ffffff;\">\u00a01<\/span><\/h4>\n<h2><span style=\"color: #000080;\">Order online!<\/span><\/h2>\n<p><span style=\"color: #000000;\"><strong>USA: <a style=\"color: #000000;\" href=\"https:\/\/www.sharmusic.com\/products\/enjoying-violin-technique-intermediate-level?_pos=4&amp;_psq=Kerstin+Wartberg&amp;_ss=e&amp;_v=1.0\" target=\"_blank\" rel=\"noopener\"><span style=\"color: #000080;\">www.sharmusic.com<\/span><\/a><\/strong><\/span><span style=\"color: #000000;\"><strong><br \/>\nEUROPE:<\/strong> <a href=\"https:\/\/www.all-sheetmusic.com\/index.php?lang=1&amp;cl=search&amp;searchparam=Wartberg&amp;pgNr=1\"><span style=\"color: #000080;\"><strong>www.all-sheetmusic.com<\/strong><\/span><\/a><a style=\"color: #000000;\" href=\"https:\/\/www.all-sheetmusic.com\/?utm_source=affiliate&amp;utm_medium=link&amp;utm_campaign=suzuki\" target=\"_blank\" rel=\"noopener\"><br \/>\n<\/a><strong>GREAT BRITAIN: <a href=\"https:\/\/www.all-sheetmusic.com\/index.php?lang=1&amp;cl=search&amp;searchparam=Wartberg&amp;pgNr=1\"><span style=\"color: #000080;\">www.all-sheetmusic.com<\/span><\/a><br \/>\n<\/strong><strong>FRANCE: <a href=\"https:\/\/www.partitions-musicales.net\/index.php?stoken=7DA52FDF&amp;sid=de150tqaac4gis0pk58fpqldbb&amp;lang=2&amp;cl=search&amp;searchparam=Wartberg\"><span style=\"color: #000080;\">www.partitions-musicales.net<\/span><\/a><a style=\"color: #000000;\" href=\"https:\/\/www.partitions-musicales.net\/?utm_source=affiliate&amp;utm_medium=link&amp;utm_campaign=suzuki\" target=\"_blank\" rel=\"noopener\"><br \/>\n<\/a><\/strong><strong>ITALY: <a style=\"color: #000000;\" href=\"https:\/\/www.partiture-musicali.com\/index.php?stoken=7DA52FDF&amp;sid=de150tqaac4gis0pk58fpqldbb&amp;lang=3&amp;cl=search&amp;searchparam=Wartberg\" target=\"_blank\" rel=\"noopener\"><span style=\"color: #000080;\">www.partiture-musicali.com<\/span><br \/>\n<\/a><\/strong><strong>GERMANY: <span style=\"color: #000080;\"><a style=\"color: #000080;\" href=\"https:\/\/www.germansuzuki.de\/?page_id=10191\" target=\"_blank\" rel=\"noopener\">German Bookshop<\/a><\/span><\/strong><\/span><\/p>\n<p><span style=\"color: #000000;\"><strong>All others countries<\/strong><\/span><br \/>\n<span style=\"color: #000000;\"><strong>Please contact the customer service at Shar:<\/strong> <strong><a style=\"color: #000000;\" href=\"mailto:sharserv@sharmusic.com\"><span style=\"color: #000080;\">sharserv@sharmusic.com<\/span><\/a> <\/strong><\/span><\/p>\n<p><span style=\"color: #000000;\"><strong>or<\/strong> <\/span><a href=\"https:\/\/www.all-sheetmusic.com\/?utm_source=affiliate&amp;utm_medium=link&amp;utm_campaign=suzuki\" target=\"_blank\" rel=\"noopener\"><strong><span style=\"color: #000080;\">www.all-sheetmusic.com<\/span><\/strong><\/a><\/p>\n<h3><span style=\"color: #993300;\"><strong>Substantial discount on larger orders for European violin teachers.<\/strong><\/span><\/h3>\n<p><span style=\"color: #000000;\">For information on discounts on larger orders, <\/span><span style=\"color: #000000;\">please<\/span> <a href=\"mail@imtex-online.com\"><span style=\"color: #000080;\"><u><strong>contact us:<\/strong><\/u><\/span><\/a><br \/>\n<a href=\"mail@imtex-online.com\"><u><strong><span style=\"color: #000080;\">info@istex-group.net<\/span><\/strong><\/u><\/a><\/p>\n<div class=\"n module-type-imageSubtitle diyfeLiveArea \"><\/div>\n[\/vc_column_text][vc_column_text]<img loading=\"lazy\" class=\"aligncenter size-large wp-image-5191\" src=\"https:\/\/en.germansuzuki.com\/wp-content\/uploads\/2019\/11\/Strad_English_klein-1024x724.jpg\" alt=\"\" width=\"1024\" height=\"724\" srcset=\"https:\/\/en.germansuzuki.com\/wp-content\/uploads\/2019\/11\/Strad_English_klein-1024x724.jpg 1024w, https:\/\/en.germansuzuki.com\/wp-content\/uploads\/2019\/11\/Strad_English_klein-300x212.jpg 300w, https:\/\/en.germansuzuki.com\/wp-content\/uploads\/2019\/11\/Strad_English_klein-768x543.jpg 768w\" sizes=\"(max-width: 1024px) 100vw, 1024px\" \/>[\/vc_column_text][\/vc_column][\/vc_row][vc_row type=&#8221;in_container&#8221; full_screen_row_position=&#8221;middle&#8221; bg_color=&#8221;#b0e2ff&#8221; scene_position=&#8221;center&#8221; text_color=&#8221;dark&#8221; text_align=&#8221;left&#8221; overlay_strength=&#8221;0.3&#8243; shape_divider_position=&#8221;bottom&#8221; shape_type=&#8221;&#8221;][vc_column column_padding=&#8221;no-extra-padding&#8221; column_padding_position=&#8221;all&#8221; background_color_opacity=&#8221;1&#8243; background_hover_color_opacity=&#8221;1&#8243; column_shadow=&#8221;none&#8221; column_border_radius=&#8221;none&#8221; width=&#8221;1\/1&#8243; tablet_text_alignment=&#8221;default&#8221; phone_text_alignment=&#8221;default&#8221; column_border_width=&#8221;none&#8221; column_border_style=&#8221;solid&#8221;][vc_column_text]\n<h2><span style=\"color: #000080;\">Korean Edition\u00a0 just published!<br \/>\n<\/span><\/h2>\n<h4 style=\"padding-left: 30px;\">The Korean Edition of &#8220;Enjoying Violin Technique&#8221;\u00a0 is just published by <strong><em>Sekwang Music Publishing Company.<\/em><\/strong><\/h4>\n<h4 style=\"padding-left: 30px;\"><strong>The two beginner technique books &#8220;My First Technique Book&#8221; and &#8220;My Second Technique Books&#8221; were translated as well.<br \/>\n<\/strong>https:\/\/en.germansuzuki.com\/?page_id=4083<\/h4>\n<h4 style=\"padding-left: 30px;\">Ji Young Iliescu-Lee &amp; Florin Iliescu, concertmaster of Frankfurt Radio Symphony Orchestra, Germany, made many video tutorials for this series.<\/h4>\n<h4 style=\"padding-left: 30px;\">Here are already the first two videos about vibrato.<\/h4>\n<h3 style=\"padding-left: 30px;\"><strong>\u00a0<\/strong><strong>\ud558\ub8e8<\/strong><strong> 12<\/strong><strong>\ubd84<\/strong> <strong>\ube44\ube0c\ub77c\ud1a0\uc5f0\uc2b5<\/strong> <strong>\ub8e8\ud2f4<br \/>\n<\/strong><\/h3>\n<h4 style=\"padding-left: 30px;\"><span style=\"color: #000080;\"><strong>For English subtitles please click the CC button. Korean to English translation by Eunjung Park&amp; David Kleesattel.<\/strong><\/span><\/h4>\n[\/vc_column_text][\/vc_column][\/vc_row][vc_row type=&#8221;in_container&#8221; full_screen_row_position=&#8221;middle&#8221; scene_position=&#8221;center&#8221; text_color=&#8221;dark&#8221; text_align=&#8221;left&#8221; overlay_strength=&#8221;0.3&#8243; shape_divider_position=&#8221;bottom&#8221;][vc_column column_padding=&#8221;no-extra-padding&#8221; column_padding_position=&#8221;all&#8221; background_color_opacity=&#8221;1&#8243; background_hover_color_opacity=&#8221;1&#8243; column_shadow=&#8221;none&#8221; column_border_radius=&#8221;none&#8221; width=&#8221;1\/2&#8243; tablet_text_alignment=&#8221;default&#8221; phone_text_alignment=&#8221;default&#8221; column_border_width=&#8221;none&#8221; column_border_style=&#8221;solid&#8221;][vc_video link=&#8221;https:\/\/www.youtube.com\/watch?v=JBYrTMkO-z4&amp;feature=youtu.be&#8221; el_width=&#8221;90&#8243;][\/vc_column][vc_column column_padding=&#8221;no-extra-padding&#8221; column_padding_position=&#8221;all&#8221; background_color_opacity=&#8221;1&#8243; background_hover_color_opacity=&#8221;1&#8243; column_shadow=&#8221;none&#8221; column_border_radius=&#8221;none&#8221; width=&#8221;1\/2&#8243; tablet_text_alignment=&#8221;default&#8221; phone_text_alignment=&#8221;default&#8221; column_border_width=&#8221;none&#8221; column_border_style=&#8221;solid&#8221;][vc_video link=&#8221;https:\/\/www.youtube.com\/watch?v=PeBgX697uJM&#8221; el_width=&#8221;90&#8243;][\/vc_column][\/vc_row][vc_row type=&#8221;in_container&#8221; full_screen_row_position=&#8221;middle&#8221; scene_position=&#8221;center&#8221; text_color=&#8221;dark&#8221; text_align=&#8221;left&#8221; overlay_strength=&#8221;0.3&#8243; shape_divider_position=&#8221;bottom&#8221;][vc_column column_padding=&#8221;no-extra-padding&#8221; column_padding_position=&#8221;all&#8221; background_color_opacity=&#8221;1&#8243; background_hover_color_opacity=&#8221;1&#8243; column_shadow=&#8221;none&#8221; column_border_radius=&#8221;none&#8221; width=&#8221;1\/2&#8243; tablet_text_alignment=&#8221;default&#8221; phone_text_alignment=&#8221;default&#8221; column_border_width=&#8221;none&#8221; column_border_style=&#8221;solid&#8221;][vc_video link=&#8221;https:\/\/www.youtube.com\/watch?v=565UQGieGCQ&#8221; el_width=&#8221;90&#8243;][\/vc_column][vc_column column_padding=&#8221;no-extra-padding&#8221; column_padding_position=&#8221;all&#8221; background_color_opacity=&#8221;1&#8243; background_hover_color_opacity=&#8221;1&#8243; column_shadow=&#8221;none&#8221; column_border_radius=&#8221;none&#8221; width=&#8221;1\/2&#8243; tablet_text_alignment=&#8221;default&#8221; phone_text_alignment=&#8221;default&#8221; column_border_width=&#8221;none&#8221; column_border_style=&#8221;solid&#8221;][vc_video link=&#8221;https:\/\/www.youtube.com\/watch?v=h07OyU8nK5o&#8221; el_width=&#8221;90&#8243;][\/vc_column][\/vc_row]\n","protected":false},"excerpt":{"rendered":"<p>[vc_row type=&#8221;in_container&#8221; full_screen_row_position=&#8221;middle&#8221; scene_position=&#8221;center&#8221; text_color=&#8221;dark&#8221; text_align=&#8221;left&#8221; overlay_strength=&#8221;0.3&#8243; shape_divider_position=&#8221;bottom&#8221;][vc_column column_padding=&#8221;no-extra-padding&#8221; column_padding_position=&#8221;all&#8221; background_color_opacity=&#8221;1&#8243; background_hover_color_opacity=&#8221;1&#8243; column_shadow=&#8221;none&#8221; column_border_radius=&#8221;none&#8221; width=&#8221;1\/1&#8243; tablet_text_alignment=&#8221;default&#8221; phone_text_alignment=&#8221;default&#8221; column_border_width=&#8221;none&#8221; column_border_style=&#8221;solid&#8221;][vc_column_text] Enjoying Violin Technique by Kerstin Wartberg Intermediate Level: Basic Exercises with&#8230;<\/p>\n","protected":false},"author":2,"featured_media":0,"parent":141,"menu_order":8,"comment_status":"open","ping_status":"open","template":"","meta":[],"_links":{"self":[{"href":"https:\/\/en.germansuzuki.com\/index.php?rest_route=\/wp\/v2\/pages\/2426"}],"collection":[{"href":"https:\/\/en.germansuzuki.com\/index.php?rest_route=\/wp\/v2\/pages"}],"about":[{"href":"https:\/\/en.germansuzuki.com\/index.php?rest_route=\/wp\/v2\/types\/page"}],"author":[{"embeddable":true,"href":"https:\/\/en.germansuzuki.com\/index.php?rest_route=\/wp\/v2\/users\/2"}],"replies":[{"embeddable":true,"href":"https:\/\/en.germansuzuki.com\/index.php?rest_route=%2Fwp%2Fv2%2Fcomments&post=2426"}],"version-history":[{"count":40,"href":"https:\/\/en.germansuzuki.com\/index.php?rest_route=\/wp\/v2\/pages\/2426\/revisions"}],"predecessor-version":[{"id":5699,"href":"https:\/\/en.germansuzuki.com\/index.php?rest_route=\/wp\/v2\/pages\/2426\/revisions\/5699"}],"up":[{"embeddable":true,"href":"https:\/\/en.germansuzuki.com\/index.php?rest_route=\/wp\/v2\/pages\/141"}],"wp:attachment":[{"href":"https:\/\/en.germansuzuki.com\/index.php?rest_route=%2Fwp%2Fv2%2Fmedia&parent=2426"}],"curies":[{"name":"wp","href":"https:\/\/api.w.org\/{rel}","templated":true}]}}